{"id":529,"date":"2023-06-28T19:38:15","date_gmt":"2023-06-28T19:38:15","guid":{"rendered":"https:\/\/placegar.dev.maidot.pt\/?page_id=529"},"modified":"2024-03-19T15:46:39","modified_gmt":"2024-03-19T15:46:39","slug":"servicos","status":"publish","type":"page","link":"https:\/\/placegar.dev.maidot.pt\/en\/sobre\/servicos\/","title":{"rendered":"Services"},"content":{"rendered":"<div data-elementor-type=\"wp-page\" data-elementor-id=\"529\" class=\"elementor elementor-529\" data-elementor-post-type=\"page\">\n\t\t\t\t<div class=\"elementor-element elementor-element-3fe948f e-flex e-con-boxed e-con e-parent\" data-id=\"3fe948f\" data-element_type=\"container\" data-settings=\"{&quot;background_background&quot;:&quot;classic&quot;}\" data-core-v316-plus=\"true\">\n\t\t\t\t\t<div class=\"e-con-inner\">\n\t\t<div class=\"elementor-element elementor-element-63738f1 e-con-full e-flex e-con e-child\" data-id=\"63738f1\" data-element_type=\"container\">\n\t\t<div class=\"elementor-element elementor-element-4b5b4fa e-flex e-con-boxed e-con e-child\" data-id=\"4b5b4fa\" data-element_type=\"container\" data-settings=\"{&quot;background_background&quot;:&quot;classic&quot;}\">\n\t\t\t\t\t<div class=\"e-con-inner\">\n\t\t\t\t\t<\/div>\n\t\t\t\t<\/div>\n\t\t\t\t<\/div>\n\t\t<div class=\"elementor-element elementor-element-34da26d e-con-full e-flex e-con e-child\" data-id=\"34da26d\" data-element_type=\"container\">\n\t\t\t\t<\/div>\n\t\t\t\t\t<\/div>\n\t\t\t\t<\/div>\n\t\t<div class=\"elementor-element elementor-element-09cff4f e-flex e-con-boxed e-con e-parent\" data-id=\"09cff4f\" data-element_type=\"container\" data-core-v316-plus=\"true\">\n\t\t\t\t\t<div class=\"e-con-inner\">\n\t\t\t\t<div class=\"elementor-element elementor-element-f1f6dc2 elementor-widget elementor-widget-text-editor\" data-id=\"f1f6dc2\" data-element_type=\"widget\" data-widget_type=\"text-editor.default\">\n\t\t\t\t<div class=\"elementor-widget-container\">\n\t\t\t<style>\/*! elementor - v3.20.0 - 26-03-2024 *\/\n.elementor-widget-text-editor.elementor-drop-cap-view-stacked .elementor-drop-cap{background-color:#69727d;color:#fff}.elementor-widget-text-editor.elementor-drop-cap-view-framed .elementor-drop-cap{color:#69727d;border:3px solid;background-color:transparent}.elementor-widget-text-editor:not(.elementor-drop-cap-view-default) .elementor-drop-cap{margin-top:8px}.elementor-widget-text-editor:not(.elementor-drop-cap-view-default) .elementor-drop-cap-letter{width:1em;height:1em}.elementor-widget-text-editor .elementor-drop-cap{float:left;text-align:center;line-height:1;font-size:50px}.elementor-widget-text-editor .elementor-drop-cap-letter{display:inline-block}<\/style>\t\t\t\t<p>We offer a wide range of services, from electric vehicle charging, lockers, workshop, eco washes, valet parking, online shopping, LPR (license plate recognition system), card payment machines, parking monitoring via CCTV, signage and strategic guidance <i>Guide in<\/i>, pedestrian areas, entrance and exit control lighting, among others.<\/p>\t\t\t\t\t\t<\/div>\n\t\t\t\t<\/div>\n\t\t\t\t\t<\/div>\n\t\t\t\t<\/div>\n\t\t<div class=\"elementor-element elementor-element-621ff5e e-flex e-con-boxed e-con e-parent\" data-id=\"621ff5e\" data-element_type=\"container\" data-core-v316-plus=\"true\">\n\t\t\t\t\t<div class=\"e-con-inner\">\n\t\t<div class=\"elementor-element elementor-element-7efa9e4 e-con-full e-flex e-con e-child\" data-id=\"7efa9e4\" data-element_type=\"container\">\n\t\t\t\t<div class=\"elementor-element elementor-element-702182a elementor-widget elementor-widget-text-editor\" data-id=\"702182a\" data-element_type=\"widget\" data-widget_type=\"text-editor.default\">\n\t\t\t\t<div class=\"elementor-widget-container\">\n\t\t\t\t\t\t\t<p>Our range of products was also designed to meet the real needs of our customers:<\/p>\t\t\t\t\t\t<\/div>\n\t\t\t\t<\/div>\n\t\t\t\t<div class=\"elementor-element elementor-element-0f2396c elementor-icon-list--layout-traditional elementor-list-item-link-full_width elementor-widget elementor-widget-icon-list\" data-id=\"0f2396c\" data-element_type=\"widget\" data-widget_type=\"icon-list.default\">\n\t\t\t\t<div class=\"elementor-widget-container\">\n\t\t\t<link rel=\"stylesheet\" href=\"https:\/\/placegar.dev.maidot.pt\/wp-content\/plugins\/elementor\/assets\/css\/widget-icon-list.min.css\">\t\t<ul class=\"elementor-icon-list-items\">\n\t\t\t\t\t\t\t<li class=\"elementor-icon-list-item\">\n\t\t\t\t\t\t\t\t\t\t\t<span class=\"elementor-icon-list-icon\">\n\t\t\t\t\t\t\t<i aria-hidden=\"true\" class=\"fas fa-building\"><\/i>\t\t\t\t\t\t<\/span>\n\t\t\t\t\t\t\t\t\t\t<span class=\"elementor-icon-list-text\">Season tickets especially designed for companies<\/span>\n\t\t\t\t\t\t\t\t\t<\/li>\n\t\t\t\t\t\t\t\t<li class=\"elementor-icon-list-item\">\n\t\t\t\t\t\t\t\t\t\t\t<span class=\"elementor-icon-list-icon\">\n\t\t\t\t\t\t\t<i aria-hidden=\"true\" class=\"fas fa-house-user\"><\/i>\t\t\t\t\t\t<\/span>\n\t\t\t\t\t\t\t\t\t\t<span class=\"elementor-icon-list-text\">Season tickets designed and adjusted for the use of individuals and families<\/span>\n\t\t\t\t\t\t\t\t\t<\/li>\n\t\t\t\t\t\t\t\t<li class=\"elementor-icon-list-item\">\n\t\t\t\t\t\t\t\t\t\t\t<span class=\"elementor-icon-list-icon\">\n\t\t\t\t\t\t\t<i aria-hidden=\"true\" class=\"fas fa-charging-station\"><\/i>\t\t\t\t\t\t<\/span>\n\t\t\t\t\t\t\t\t\t\t<span class=\"elementor-icon-list-text\">EV season tickets<\/span>\n\t\t\t\t\t\t\t\t\t<\/li>\n\t\t\t\t\t\t\t\t<li class=\"elementor-icon-list-item\">\n\t\t\t\t\t\t\t\t\t\t\t<span class=\"elementor-icon-list-icon\">\n\t\t\t\t\t\t\t<i aria-hidden=\"true\" class=\"far fa-clock\"><\/i>\t\t\t\t\t\t<\/span>\n\t\t\t\t\t\t\t\t\t\t<span class=\"elementor-icon-list-text\">Crediparque for greater flexibility in schedules\/days<\/span>\n\t\t\t\t\t\t\t\t\t<\/li>\n\t\t\t\t\t\t\t\t<li class=\"elementor-icon-list-item\">\n\t\t\t\t\t\t\t\t\t\t\t<span class=\"elementor-icon-list-icon\">\n\t\t\t\t\t\t\t<i aria-hidden=\"true\" class=\"fas fa-ticket-alt\"><\/i>\t\t\t\t\t\t<\/span>\n\t\t\t\t\t\t\t\t\t\t<span class=\"elementor-icon-list-text\">Online purchase of season and daily tickets<\/span>\n\t\t\t\t\t\t\t\t\t<\/li>\n\t\t\t\t\t\t<\/ul>\n\t\t\t\t<\/div>\n\t\t\t\t<\/div>\n\t\t\t\t<\/div>\n\t\t<div class=\"elementor-element elementor-element-db42198 e-con-full e-flex e-con e-child\" data-id=\"db42198\" data-element_type=\"container\" data-settings=\"{&quot;background_background&quot;:&quot;slideshow&quot;,&quot;background_slideshow_gallery&quot;:[{&quot;id&quot;:532,&quot;url&quot;:&quot;https:\\\/\\\/placegar.dev.maidot.pt\\\/wp-content\\\/uploads\\\/2023\\\/06\\\/zulfahmi-khani-9gvFjMVS9A0-unsplash.jpg&quot;},{&quot;id&quot;:524,&quot;url&quot;:&quot;https:\\\/\\\/placegar.dev.maidot.pt\\\/wp-content\\\/uploads\\\/2023\\\/06\\\/brock-wegner-pWGUMQSWBwI-unsplash.jpg&quot;},{&quot;id&quot;:539,&quot;url&quot;:&quot;https:\\\/\\\/placegar.dev.maidot.pt\\\/wp-content\\\/uploads\\\/2023\\\/06\\\/chuttersnap-xJLsHl0hIik-unsplash-1.jpg&quot;},{&quot;id&quot;:508,&quot;url&quot;:&quot;https:\\\/\\\/placegar.dev.maidot.pt\\\/wp-content\\\/uploads\\\/2023\\\/06\\\/jordan-graff-9TBgvuPAe0Y-unsplash.jpg&quot;},{&quot;id&quot;:506,&quot;url&quot;:&quot;https:\\\/\\\/placegar.dev.maidot.pt\\\/wp-content\\\/uploads\\\/2023\\\/06\\\/possessed-photography-Xlx80tr5bEE-unsplash.jpg&quot;}],&quot;background_slideshow_slide_duration&quot;:1000,&quot;background_slideshow_loop&quot;:&quot;yes&quot;,&quot;background_slideshow_slide_transition&quot;:&quot;fade&quot;,&quot;background_slideshow_transition_duration&quot;:500}\">\n\t\t\t\t<div class=\"elementor-element elementor-element-799fbf6 elementor-widget elementor-widget-spacer\" data-id=\"799fbf6\" data-element_type=\"widget\" data-widget_type=\"spacer.default\">\n\t\t\t\t<div class=\"elementor-widget-container\">\n\t\t\t<style>\/*! elementor - v3.20.0 - 26-03-2024 *\/\n.elementor-column .elementor-spacer-inner{height:var(--spacer-size)}.e-con{--container-widget-width:100%}.e-con-inner>.elementor-widget-spacer,.e-con>.elementor-widget-spacer{width:var(--container-widget-width,var(--spacer-size));--align-self:var(--container-widget-align-self,initial);--flex-shrink:0}.e-con-inner>.elementor-widget-spacer>.elementor-widget-container,.e-con>.elementor-widget-spacer>.elementor-widget-container{height:100%;width:100%}.e-con-inner>.elementor-widget-spacer>.elementor-widget-container>.elementor-spacer,.e-con>.elementor-widget-spacer>.elementor-widget-container>.elementor-spacer{height:100%}.e-con-inner>.elementor-widget-spacer>.elementor-widget-container>.elementor-spacer>.elementor-spacer-inner,.e-con>.elementor-widget-spacer>.elementor-widget-container>.elementor-spacer>.elementor-spacer-inner{height:var(--container-widget-height,var(--spacer-size))}.e-con-inner>.elementor-widget-spacer.elementor-widget-empty,.e-con>.elementor-widget-spacer.elementor-widget-empty{position:relative;min-height:22px;min-width:22px}.e-con-inner>.elementor-widget-spacer.elementor-widget-empty .elementor-widget-empty-icon,.e-con>.elementor-widget-spacer.elementor-widget-empty .elementor-widget-empty-icon{position:absolute;top:0;bottom:0;left:0;right:0;margin:auto;padding:0;width:22px;height:22px}<\/style>\t\t<div class=\"elementor-spacer\">\n\t\t\t<div class=\"elementor-spacer-inner\"><\/div>\n\t\t<\/div>\n\t\t\t\t<\/div>\n\t\t\t\t<\/div>\n\t\t\t\t<\/div>\n\t\t\t\t\t<\/div>\n\t\t\t\t<\/div>\n\t\t<div class=\"elementor-element elementor-element-250c7d2 e-flex e-con-boxed e-con e-parent\" data-id=\"250c7d2\" data-element_type=\"container\" data-core-v316-plus=\"true\">\n\t\t\t\t\t<div class=\"e-con-inner\">\n\t\t<div class=\"elementor-element elementor-element-9faefbd e-con-full e-flex e-con e-child\" data-id=\"9faefbd\" data-element_type=\"container\" data-settings=\"{&quot;background_background&quot;:&quot;classic&quot;}\">\n\t\t\t\t<div class=\"elementor-element elementor-element-9ddc06a elementor-position-left elementor-view-default elementor-mobile-position-top elementor-vertical-align-top elementor-widget elementor-widget-icon-box\" data-id=\"9ddc06a\" data-element_type=\"widget\" data-widget_type=\"icon-box.default\">\n\t\t\t\t<div class=\"elementor-widget-container\">\n\t\t\t<link rel=\"stylesheet\" href=\"https:\/\/placegar.dev.maidot.pt\/wp-content\/plugins\/elementor\/assets\/css\/widget-icon-box.min.css\">\t\t<div class=\"elementor-icon-box-wrapper\">\n\t\t\t\t\t\t<div class=\"elementor-icon-box-icon\">\n\t\t\t\t<span  class=\"elementor-icon elementor-animation-\">\n\t\t\t\t<svg xmlns=\"http:\/\/www.w3.org\/2000\/svg\" xmlns:xlink=\"http:\/\/www.w3.org\/1999\/xlink\" id=\"Camada_1\" x=\"0px\" y=\"0px\" viewbox=\"0 0 123 148.6\" style=\"enable-background:new 0 0 123 148.6;\" xml:space=\"preserve\"><g>\t<path d=\"M61.3,128.1c-9.5,0-19,0-28.5,0c-1.5,0-2,0.4-2,2c0.1,4.3,0,8.6,0,12.9c0,3.5-2.1,5.6-5.6,5.6c-4.9,0-9.8,0-14.7,0  c-3.4,0-5.5-2.1-5.5-5.5c0-13.2,0-26.4,0-39.6c0-0.9,0.2-1.7,0.6-2.5c2.2-4.9,4.3-9.9,6.6-14.7c0.6-1.3,0.2-1.7-1.1-2  C9,83.9,6.8,83.5,4.6,83c-3-0.7-4.6-2.6-4.6-5.6c0-0.9,0-1.8,0-2.7c0-2.1,0.9-3,3-3c4.6,0,9.3-0.1,13.9,0c1.3,0,2-0.4,2.5-1.6  c1-2.4,2.1-4.8,3.2-7.2c2-4.3,5.2-6.6,10-6.6c19.2,0,38.5,0,57.7,0c4.8,0,8.1,2.3,10,6.6c1.1,2.4,2.2,4.9,3.2,7.3  c0.5,1.1,1.1,1.5,2.3,1.5c4.6-0.1,9.2,0,13.7,0c2.5,0,3.3,0.8,3.4,3.4c0.1,6.3-0.7,7.2-6.9,8.5c-1.4,0.3-2.8,0.6-4.2,0.8  c-1.3,0.2-1.7,0.6-1.1,2c2.2,4.8,4.3,9.6,6.5,14.4c0.5,1,0.7,2.1,0.7,3.2c0,12.9,0,25.8,0,38.7c0,4-1.9,5.9-6,5.9  c-4.7,0-9.5,0-14.2,0c-3.5,0-5.6-2.1-5.6-5.6c0-4.4-0.1-8.7,0-13.1c0-1.4-0.5-1.8-1.8-1.8C80.6,128.1,71,128.1,61.3,128.1z   M61.5,87c13,0,26.1,0,39.1,0c1.3,0,1.6-0.3,1-1.5c-2.8-6.3-5.6-12.5-8.4-18.8c-0.8-1.8-2-2.5-4-2.5c-18.6,0-37.2,0-55.8,0  c-2,0-3.1,0.8-3.9,2.6c-2.7,6.2-5.5,12.4-8.2,18.5c-0.8,1.7-0.7,1.7,1.1,1.7C35.5,87,48.5,87,61.5,87z M61.5,102.5  c-3.4,0-6.7-0.1-10.1,0c-3,0.1-5.2,2.3-5.1,5c0.1,2.6,2.3,4.9,5.1,4.9c6.7,0.1,13.4,0.1,20.1,0c2.3,0,4.2-1.4,4.8-3.3  c1.1-3.3-1.2-6.5-5-6.6C68.1,102.5,64.8,102.5,61.5,102.5z M33.2,107.5c0-4.1-3.6-7.6-7.6-7.5c-4,0.1-7.4,3.5-7.4,7.5  c0,4,3.5,7.6,7.5,7.6C29.8,115.1,33.3,111.5,33.2,107.5z M97.3,115.1c4.1,0,7.6-3.5,7.5-7.6c0-4-3.4-7.4-7.4-7.5  c-4-0.1-7.6,3.4-7.6,7.5C89.7,111.5,93.2,115,97.3,115.1z\"><\/path>\t<path d=\"M61.5,0C77.3,0,93.2,0,109,0c3.1,0,3.8,0.7,3.8,3.7c0,1.3,0,2.7,0,4c-0.1,1.7-1,2.6-2.7,2.7c-0.4,0-0.7,0-1.1,0  c-31.6,0-63.3,0-94.9,0c-1.1,0-2.3,0.1-3.1-0.9c-1-1.1-1-7.6,0-8.8C11.7,0,12.7,0,13.8,0C29.7,0,45.6,0,61.5,0z\"><\/path>\t<path d=\"M36,16.6c2.7,0,4.6,2.5,3.7,5.2c-0.6,1.9-1.5,3.7-2.4,5.4c-1,1.9-3.2,2.5-5.1,1.6c-1.9-0.9-2.8-2.9-2.1-4.9  c0.6-1.7,1.4-3.4,2.2-5.1C33.1,17.4,34.3,16.6,36,16.6z\"><\/path>\t<path d=\"M83.1,21.1c0-2.3,1-3.8,2.6-4.3c1.7-0.6,3.6,0,4.5,1.5c1.2,2,2.1,4.1,2.7,6.3c0.5,1.6-0.5,3.3-2,4.2  c-1.6,0.9-3.4,0.8-4.6-0.5C84.6,26,83.8,23.3,83.1,21.1z\"><\/path>\t<path d=\"M21.8,43.5c0.7-2.2,1.5-4.9,3.3-7.1c1.1-1.3,3.2-1.4,4.7-0.5c1.5,0.9,2.3,2.7,1.8,4.4c-0.6,2-1.5,3.9-2.5,5.7  c-0.9,1.7-2.8,2.3-4.5,1.8C22.9,47.3,21.8,45.8,21.8,43.5z\"><\/path>\t<path d=\"M101.2,44c0,1.8-1.1,3.3-2.8,3.8c-1.7,0.5-3.6-0.1-4.5-1.8c-1-1.8-1.8-3.8-2.4-5.7c-0.6-1.7,0.3-3.6,1.9-4.5  c1.5-0.9,3.5-0.6,4.7,0.6C99,37.4,101.2,42.7,101.2,44z\"><\/path>\t<path d=\"M65.4,23.1c0,1,0,1.9,0,2.9c-0.1,2.1-1.8,3.6-3.9,3.6c-2.1,0-3.9-1.5-3.9-3.6c-0.1-2-0.1-3.9,0-5.9c0.1-2.1,1.8-3.6,4-3.5  c2.1,0,3.8,1.5,3.9,3.6C65.5,21.2,65.4,22.2,65.4,23.1z\"><\/path>\t<path d=\"M65.4,43.7c0,0.8,0,1.7,0,2.5c-0.1,2.3-1.8,3.9-4,3.8c-2.2,0-3.8-1.6-3.8-3.8c0-1.8-0.1-3.6,0-5.4c0.1-2.2,1.7-3.7,3.9-3.7  c2.2,0,3.8,1.5,3.9,3.7C65.5,41.8,65.4,42.8,65.4,43.7z\"><\/path><\/g><\/svg>\t\t\t\t<\/span>\n\t\t\t<\/div>\n\t\t\t\t\t\t<div class=\"elementor-icon-box-content\">\n\t\t\t\t<span class=\"elementor-icon-box-title\">\n\t\t\t\t\t<span  >\n\t\t\t\t\t\t CARWASH ECO\t\t\t\t\t<\/span>\n\t\t\t\t<\/span>\n\t\t\t\t\t\t\t\t\t<p class=\"elementor-icon-box-description\">\n\t\t\t\t\t\tTreatment, washing (exterior, upholstery, engines) and dry cleaning of vehicles.\t\t\t\t\t<\/p>\n\t\t\t\t\t\t\t<\/div>\n\t\t<\/div>\n\t\t\t\t<\/div>\n\t\t\t\t<\/div>\n\t\t\t\t<\/div>\n\t\t<div class=\"elementor-element elementor-element-df10aa1 e-con-full e-flex e-con e-child\" data-id=\"df10aa1\" data-element_type=\"container\" data-settings=\"{&quot;background_background&quot;:&quot;classic&quot;}\">\n\t\t\t\t<div class=\"elementor-element elementor-element-dffc466 elementor-position-left elementor-view-default elementor-mobile-position-top elementor-vertical-align-top elementor-widget elementor-widget-icon-box\" data-id=\"dffc466\" data-element_type=\"widget\" data-widget_type=\"icon-box.default\">\n\t\t\t\t<div class=\"elementor-widget-container\">\n\t\t\t\t\t<div class=\"elementor-icon-box-wrapper\">\n\t\t\t\t\t\t<div class=\"elementor-icon-box-icon\">\n\t\t\t\t<span  class=\"elementor-icon elementor-animation-\">\n\t\t\t\t<i aria-hidden=\"true\" class=\"fas fa-charging-station\"><\/i>\t\t\t\t<\/span>\n\t\t\t<\/div>\n\t\t\t\t\t\t<div class=\"elementor-icon-box-content\">\n\t\t\t\t<span class=\"elementor-icon-box-title\">\n\t\t\t\t\t<span  >\n\t\t\t\t\t\tELECTRIC VEHICLES\t\t\t\t\t<\/span>\n\t\t\t\t<\/span>\n\t\t\t\t\t\t\t\t\t<p class=\"elementor-icon-box-description\">\n\t\t\t\t\t\tReserved and exclusive spaces for charging electric vehicles.\t\t\t\t\t<\/p>\n\t\t\t\t\t\t\t<\/div>\n\t\t<\/div>\n\t\t\t\t<\/div>\n\t\t\t\t<\/div>\n\t\t\t\t<\/div>\n\t\t<div class=\"elementor-element elementor-element-42977d6 e-con-full e-flex e-con e-child\" data-id=\"42977d6\" data-element_type=\"container\" data-settings=\"{&quot;background_background&quot;:&quot;classic&quot;}\">\n\t\t\t\t<div class=\"elementor-element elementor-element-2a12616 elementor-position-left elementor-view-default elementor-mobile-position-top elementor-vertical-align-top elementor-widget elementor-widget-icon-box\" data-id=\"2a12616\" data-element_type=\"widget\" data-widget_type=\"icon-box.default\">\n\t\t\t\t<div class=\"elementor-widget-container\">\n\t\t\t\t\t<div class=\"elementor-icon-box-wrapper\">\n\t\t\t\t\t\t<div class=\"elementor-icon-box-icon\">\n\t\t\t\t<span  class=\"elementor-icon elementor-animation-\">\n\t\t\t\t<i aria-hidden=\"true\" class=\"fas fa-wheelchair\"><\/i>\t\t\t\t<\/span>\n\t\t\t<\/div>\n\t\t\t\t\t\t<div class=\"elementor-icon-box-content\">\n\t\t\t\t<span class=\"elementor-icon-box-title\">\n\t\t\t\t\t<span  >\n\t\t\t\t\t\tMOBILITY FOR ALL\t\t\t\t\t<\/span>\n\t\t\t\t<\/span>\n\t\t\t\t\t\t\t\t\t<p class=\"elementor-icon-box-description\">\n\t\t\t\t\t\tRental of chairs and crutches. Support to people with reduced mobility.\t\t\t\t\t<\/p>\n\t\t\t\t\t\t\t<\/div>\n\t\t<\/div>\n\t\t\t\t<\/div>\n\t\t\t\t<\/div>\n\t\t\t\t<\/div>\n\t\t<div class=\"elementor-element elementor-element-70bdb2b e-con-full e-flex e-con e-child\" data-id=\"70bdb2b\" data-element_type=\"container\" data-settings=\"{&quot;background_background&quot;:&quot;classic&quot;}\">\n\t\t\t\t<div class=\"elementor-element elementor-element-f0f622a elementor-position-left elementor-view-default elementor-mobile-position-top elementor-vertical-align-top elementor-widget elementor-widget-icon-box\" data-id=\"f0f622a\" data-element_type=\"widget\" data-widget_type=\"icon-box.default\">\n\t\t\t\t<div class=\"elementor-widget-container\">\n\t\t\t\t\t<div class=\"elementor-icon-box-wrapper\">\n\t\t\t\t\t\t<div class=\"elementor-icon-box-icon\">\n\t\t\t\t<span  class=\"elementor-icon elementor-animation-\">\n\t\t\t\t<i aria-hidden=\"true\" class=\"fas fa-unlock-alt\"><\/i>\t\t\t\t<\/span>\n\t\t\t<\/div>\n\t\t\t\t\t\t<div class=\"elementor-icon-box-content\">\n\t\t\t\t<span class=\"elementor-icon-box-title\">\n\t\t\t\t\t<span  >\n\t\t\t\t\t\tLOCKERS\t\t\t\t\t<\/span>\n\t\t\t\t<\/span>\n\t\t\t\t\t\t\t\t\t<p class=\"elementor-icon-box-description\">\n\t\t\t\t\t\t\nLocky lockers (CTT)\t\t\t\t\t<\/p>\n\t\t\t\t\t\t\t<\/div>\n\t\t<\/div>\n\t\t\t\t<\/div>\n\t\t\t\t<\/div>\n\t\t\t\t<\/div>\n\t\t<div class=\"elementor-element elementor-element-4ba7f5c e-con-full e-flex e-con e-child\" data-id=\"4ba7f5c\" data-element_type=\"container\" data-settings=\"{&quot;background_background&quot;:&quot;classic&quot;}\">\n\t\t\t\t<div class=\"elementor-element elementor-element-75fb486 elementor-position-left elementor-view-default elementor-mobile-position-top elementor-vertical-align-top elementor-widget elementor-widget-icon-box\" data-id=\"75fb486\" data-element_type=\"widget\" data-widget_type=\"icon-box.default\">\n\t\t\t\t<div class=\"elementor-widget-container\">\n\t\t\t\t\t<div class=\"elementor-icon-box-wrapper\">\n\t\t\t\t\t\t<div class=\"elementor-icon-box-icon\">\n\t\t\t\t<span  class=\"elementor-icon elementor-animation-\">\n\t\t\t\t<i aria-hidden=\"true\" class=\"fas fa-eye\"><\/i>\t\t\t\t<\/span>\n\t\t\t<\/div>\n\t\t\t\t\t\t<div class=\"elementor-icon-box-content\">\n\t\t\t\t<span class=\"elementor-icon-box-title\">\n\t\t\t\t\t<span  >\n\t\t\t\t\t\tLPR\t\t\t\t\t<\/span>\n\t\t\t\t<\/span>\n\t\t\t\t\t\t\t\t\t<p class=\"elementor-icon-box-description\">\n\t\t\t\t\t\tLicense Plate Recognition system\t\t\t\t\t<\/p>\n\t\t\t\t\t\t\t<\/div>\n\t\t<\/div>\n\t\t\t\t<\/div>\n\t\t\t\t<\/div>\n\t\t\t\t<\/div>\n\t\t<div class=\"elementor-element elementor-element-8955738 e-con-full e-flex e-con e-child\" data-id=\"8955738\" data-element_type=\"container\" data-settings=\"{&quot;background_background&quot;:&quot;classic&quot;}\">\n\t\t\t\t<div class=\"elementor-element elementor-element-54c99c7 elementor-position-left elementor-view-default elementor-mobile-position-top elementor-vertical-align-top elementor-widget elementor-widget-icon-box\" data-id=\"54c99c7\" data-element_type=\"widget\" data-widget_type=\"icon-box.default\">\n\t\t\t\t<div class=\"elementor-widget-container\">\n\t\t\t\t\t<div class=\"elementor-icon-box-wrapper\">\n\t\t\t\t\t\t<div class=\"elementor-icon-box-icon\">\n\t\t\t\t<span  class=\"elementor-icon elementor-animation-\">\n\t\t\t\t<i aria-hidden=\"true\" class=\"fas fa-mobile-alt\"><\/i>\t\t\t\t<\/span>\n\t\t\t<\/div>\n\t\t\t\t\t\t<div class=\"elementor-icon-box-content\">\n\t\t\t\t<span class=\"elementor-icon-box-title\">\n\t\t\t\t\t<span  >\n\t\t\t\t\t\t  REMOTE CONTROL\t\t\t\t\t<\/span>\n\t\t\t\t<\/span>\n\t\t\t\t\t\t\t\t\t<p class=\"elementor-icon-box-description\">\n\t\t\t\t\t\t\nFor greater safety and quality of service provided to our customers.\t\t\t\t\t<\/p>\n\t\t\t\t\t\t\t<\/div>\n\t\t<\/div>\n\t\t\t\t<\/div>\n\t\t\t\t<\/div>\n\t\t\t\t<\/div>\n\t\t\t\t\t<\/div>\n\t\t\t\t<\/div>\n\t\t\t\t<\/div>","protected":false},"excerpt":{"rendered":"<p>Apresentamos um amplo conjunto de servi\u00e7os, desde carregamento ve\u00edculos el\u00e9trico, cacifos, oficina, lavagens eco, valet parking, compras online, LPR (sistema de reconhecimento de matr\u00edculas), m\u00e1quinas de pagamento com cart\u00f5es, monitoriza\u00e7\u00e3o de estacionamento via CCTV, sinaliza\u00e7\u00e3o e \u00a0orienta\u00e7\u00e3o estrat\u00e9gica Guide in, zonas pedonais, ilumina\u00e7\u00e3o controlo de entrada e sa\u00edda, entre outros. A nossa gama de produtos [&hellip;]<\/p>","protected":false},"author":1,"featured_media":0,"parent":504,"menu_order":0,"comment_status":"closed","ping_status":"closed","template":"","meta":{"inline_featured_image":false,"_joinchat":[],"footnotes":""},"class_list":["post-529","page","type-page","status-publish","hentry"],"_links":{"self":[{"href":"https:\/\/placegar.dev.maidot.pt\/en\/wp-json\/wp\/v2\/pages\/529","targetHints":{"allow":["GET"]}}],"collection":[{"href":"https:\/\/placegar.dev.maidot.pt\/en\/wp-json\/wp\/v2\/pages"}],"about":[{"href":"https:\/\/placegar.dev.maidot.pt\/en\/wp-json\/wp\/v2\/types\/page"}],"author":[{"embeddable":true,"href":"https:\/\/placegar.dev.maidot.pt\/en\/wp-json\/wp\/v2\/users\/1"}],"replies":[{"embeddable":true,"href":"https:\/\/placegar.dev.maidot.pt\/en\/wp-json\/wp\/v2\/comments?post=529"}],"version-history":[{"count":3,"href":"https:\/\/placegar.dev.maidot.pt\/en\/wp-json\/wp\/v2\/pages\/529\/revisions"}],"predecessor-version":[{"id":1847,"href":"https:\/\/placegar.dev.maidot.pt\/en\/wp-json\/wp\/v2\/pages\/529\/revisions\/1847"}],"up":[{"embeddable":true,"href":"https:\/\/placegar.dev.maidot.pt\/en\/wp-json\/wp\/v2\/pages\/504"}],"wp:attachment":[{"href":"https:\/\/placegar.dev.maidot.pt\/en\/wp-json\/wp\/v2\/media?parent=529"}],"curies":[{"name":"wp","href":"https:\/\/api.w.org\/{rel}","templated":true}]}}